{"id":37,"date":"2024-01-20T23:16:07","date_gmt":"2024-01-21T02:16:07","guid":{"rendered":"https:\/\/softwareplay.site\/ethan2\/?page_id=37"},"modified":"2025-06-27T16:58:46","modified_gmt":"2025-06-27T19:58:46","slug":"a-ethan","status":"publish","type":"page","link":"https:\/\/ethanpersianas.com.br\/index.php\/a-ethan\/","title":{"rendered":"O Ethan"},"content":{"rendered":"\t\t<div data-elementor-type=\"wp-page\" data-elementor-id=\"37\" class=\"elementor elementor-37\" data-elementor-post-type=\"page\">\n\t\t\t\t\t\t<section class=\"elementor-section elementor-top-section elementor-element elementor-element-3c26051 elementor-section-boxed elementor-section-height-default elementor-section-height-default\" data-id=\"3c26051\" data-element_type=\"section\" data-settings=\"{&quot;background_background&quot;:&quot;classic&quot;}\">\n\t\t\t\t\t\t\t<div class=\"elementor-background-overlay\"><\/div>\n\t\t\t\t\t\t\t<div class=\"elementor-container elementor-column-gap-default\">\n\t\t\t\t\t<div class=\"elementor-column elementor-col-100 elementor-top-column elementor-element elementor-element-756ef11\" data-id=\"756ef11\" data-element_type=\"column\">\n\t\t\t<div class=\"elementor-widget-wrap elementor-element-populated\">\n\t\t\t\t\t\t<div class=\"elementor-element elementor-element-655f7fb elementor-widget elementor-widget-heading\" data-id=\"655f7fb\" data-element_type=\"widget\" data-widget_type=\"heading.default\">\n\t\t\t\t<div class=\"elementor-widget-container\">\n\t\t\t\t\t<h3 class=\"elementor-heading-title elementor-size-default\">Sobre a Ethan Persianas<\/h3>\t\t\t\t<\/div>\n\t\t\t\t<\/div>\n\t\t\t\t<div class=\"elementor-element elementor-element-cdba7cc elementor-widget elementor-widget-text-editor\" data-id=\"cdba7cc\" data-element_type=\"widget\" data-widget_type=\"text-editor.default\">\n\t\t\t\t<div class=\"elementor-widget-container\">\n\t\t\t\t\t\t\t\t\tN\u00f3s da Ethan Persianas atuamos h\u00e1 mais de 20 anos no segmento de\u00a0Cortinas\u00a0e\u00a0Persianas, procurando sempre inovar, estar antenado nas atualiza\u00e7\u00f5es do mercado, buscando apresentar sempre produtos desenvolvidos com qualidade, design e tecnologia de ponta.\n<br><br>\nContamos tamb\u00e9m com uma equipe que trabalha com seriedade e comprometimento para melhor atend\u00ea-los, e poder oferecer ao nosso cliente uma experi\u00eancia \u00fanica e marcante.\t\t\t\t\t\t\t\t<\/div>\n\t\t\t\t<\/div>\n\t\t\t\t<div class=\"elementor-element elementor-element-e928d09 elementor-align-center elementor-widget__width-initial elementor-widget elementor-widget-button\" data-id=\"e928d09\" data-element_type=\"widget\" data-widget_type=\"button.default\">\n\t\t\t\t<div class=\"elementor-widget-container\">\n\t\t\t\t\t\t\t\t\t<div class=\"elementor-button-wrapper\">\n\t\t\t\t\t<a class=\"elementor-button elementor-button-link elementor-size-sm\" href=\"https:\/\/ethanpersianas.com.br\/index.php\/contato\/\">\n\t\t\t\t\t\t<span class=\"elementor-button-content-wrapper\">\n\t\t\t\t\t\t\t\t\t<span class=\"elementor-button-text\">Conhe\u00e7a Nosso Trabalho<\/span>\n\t\t\t\t\t<\/span>\n\t\t\t\t\t<\/a>\n\t\t\t\t<\/div>\n\t\t\t\t\t\t\t\t<\/div>\n\t\t\t\t<\/div>\n\t\t\t\t\t<\/div>\n\t\t<\/div>\n\t\t\t\t\t<\/div>\n\t\t<\/section>\n\t\t\t\t<section class=\"elementor-section elementor-top-section elementor-element elementor-element-65fcc52 elementor-section-boxed elementor-section-height-default elementor-section-height-default\" data-id=\"65fcc52\" data-element_type=\"section\" data-settings=\"{&quot;background_background&quot;:&quot;classic&quot;}\">\n\t\t\t\t\t\t<div class=\"elementor-container elementor-column-gap-default\">\n\t\t\t\t\t<div class=\"elementor-column elementor-col-50 elementor-top-column elementor-element elementor-element-2f03ff7\" data-id=\"2f03ff7\" data-element_type=\"column\" data-settings=\"{&quot;background_background&quot;:&quot;classic&quot;}\">\n\t\t\t<div class=\"elementor-widget-wrap elementor-element-populated\">\n\t\t\t\t\t\t<div class=\"elementor-element elementor-element-cee14e1 elementor-widget elementor-widget-text-editor\" data-id=\"cee14e1\" data-element_type=\"widget\" data-widget_type=\"text-editor.default\">\n\t\t\t\t<div class=\"elementor-widget-container\">\n\t\t\t\t\t\t\t\t\tAcreditamos que as Cortinas e Persianas s\u00e3o mais do que simples elementos de decora\u00e7\u00e3o; s\u00e3o express\u00f5es de estilo e conforto. \u00c9 por isso que nos esfor\u00e7amos para compreender as suas necessidades e traduzi-las em solu\u00e7\u00f5es personalizadas que aprimoram cada espa\u00e7o.\n<br><br>\nNa Ethan Persianas, estamos comprometidos em n\u00e3o apenas fornecer produtos, mas em criar la\u00e7os duradouros com nossos clientes. Sua satisfa\u00e7\u00e3o \u00e9 nossa maior recompensa, e estamos ansiosos para continuar servindo com excel\u00eancia por muitos anos vindouros.\t\t\t\t\t\t\t\t<\/div>\n\t\t\t\t<\/div>\n\t\t\t\t<div class=\"elementor-element elementor-element-617476e elementor-widget elementor-widget-text-editor\" data-id=\"617476e\" data-element_type=\"widget\" data-widget_type=\"text-editor.default\">\n\t\t\t\t<div class=\"elementor-widget-container\">\n\t\t\t\t\t\t\t\t\tSeja bem-vindo \u00e0 Ethan Persianas, onde a tradi\u00e7\u00e3o encontra a inova\u00e7\u00e3o, e a qualidade encontra o compromisso.\t\t\t\t\t\t\t\t<\/div>\n\t\t\t\t<\/div>\n\t\t\t\t<div class=\"elementor-element elementor-element-951a9d6 elementor-align-left elementor-widget__width-initial elementor-widget elementor-widget-button\" data-id=\"951a9d6\" data-element_type=\"widget\" data-widget_type=\"button.default\">\n\t\t\t\t<div class=\"elementor-widget-container\">\n\t\t\t\t\t\t\t\t\t<div class=\"elementor-button-wrapper\">\n\t\t\t\t\t<a class=\"elementor-button elementor-button-link elementor-size-sm\" href=\"https:\/\/api.whatsapp.com\/send?phone=5541998114616&#038;text=Ol\u00e1,%20Gostaria%20de%20mais%20informa\u00e7\u00f5es\">\n\t\t\t\t\t\t<span class=\"elementor-button-content-wrapper\">\n\t\t\t\t\t\t\t\t\t<span class=\"elementor-button-text\">Consulte Nossos Especialistas!<\/span>\n\t\t\t\t\t<\/span>\n\t\t\t\t\t<\/a>\n\t\t\t\t<\/div>\n\t\t\t\t\t\t\t\t<\/div>\n\t\t\t\t<\/div>\n\t\t\t\t\t<\/div>\n\t\t<\/div>\n\t\t\t\t<div class=\"elementor-column elementor-col-50 elementor-top-column elementor-element elementor-element-3f92d4c elementor-hidden-tablet\" data-id=\"3f92d4c\" data-element_type=\"column\" data-settings=\"{&quot;background_background&quot;:&quot;classic&quot;}\">\n\t\t\t<div class=\"elementor-widget-wrap elementor-element-populated\">\n\t\t\t\t\t\t<div class=\"elementor-element elementor-element-8063b6d elementor-widget elementor-widget-spacer\" data-id=\"8063b6d\" data-element_type=\"widget\" data-widget_type=\"spacer.default\">\n\t\t\t\t<div class=\"elementor-widget-container\">\n\t\t\t\t\t\t\t<div class=\"elementor-spacer\">\n\t\t\t<div class=\"elementor-spacer-inner\"><\/div>\n\t\t<\/div>\n\t\t\t\t\t\t<\/div>\n\t\t\t\t<\/div>\n\t\t\t\t\t<\/div>\n\t\t<\/div>\n\t\t\t\t\t<\/div>\n\t\t<\/section>\n\t\t\t\t<section class=\"elementor-section elementor-top-section elementor-element elementor-element-84fc1b6 elementor-section-content-middle elementor-section-boxed elementor-section-height-default elementor-section-height-default\" data-id=\"84fc1b6\" data-element_type=\"section\">\n\t\t\t\t\t\t<div class=\"elementor-container elementor-column-gap-default\">\n\t\t\t\t\t<div class=\"elementor-column elementor-col-50 elementor-top-column elementor-element elementor-element-509cc9a\" data-id=\"509cc9a\" data-element_type=\"column\" data-settings=\"{&quot;background_background&quot;:&quot;classic&quot;}\">\n\t\t\t<div class=\"elementor-widget-wrap elementor-element-populated\">\n\t\t\t\t\t\t<div class=\"elementor-element elementor-element-484f353 elementor-widget elementor-widget-heading\" data-id=\"484f353\" data-element_type=\"widget\" data-widget_type=\"heading.default\">\n\t\t\t\t<div class=\"elementor-widget-container\">\n\t\t\t\t\t<h2 class=\"elementor-heading-title elementor-size-default\">Venha Conhecer Nossas Persianas<\/h2>\t\t\t\t<\/div>\n\t\t\t\t<\/div>\n\t\t\t\t<div class=\"elementor-element elementor-element-9bfa350 elementor-widget elementor-widget-text-editor\" data-id=\"9bfa350\" data-element_type=\"widget\" data-widget_type=\"text-editor.default\">\n\t\t\t\t<div class=\"elementor-widget-container\">\n\t\t\t\t\t\t\t\t\tDescubra a Eleg\u00e2ncia em Cada L\u00e2mina! Conhe\u00e7a agora toda a nossa cole\u00e7\u00e3o de persianas e encontre a combina\u00e7\u00e3o perfeita para elevar o estilo dos seus espa\u00e7os.\t\t\t\t\t\t\t\t<\/div>\n\t\t\t\t<\/div>\n\t\t\t\t<div class=\"elementor-element elementor-element-341a97c elementor-align-left elementor-widget__width-initial elementor-widget elementor-widget-button\" data-id=\"341a97c\" data-element_type=\"widget\" data-widget_type=\"button.default\">\n\t\t\t\t<div class=\"elementor-widget-container\">\n\t\t\t\t\t\t\t\t\t<div class=\"elementor-button-wrapper\">\n\t\t\t\t\t<a class=\"elementor-button elementor-button-link elementor-size-sm\" href=\"https:\/\/ethanpersianas.com.br\/index.php\/persianas\/\">\n\t\t\t\t\t\t<span class=\"elementor-button-content-wrapper\">\n\t\t\t\t\t\t\t\t\t<span class=\"elementor-button-text\">Explore Nossas Persianas!<\/span>\n\t\t\t\t\t<\/span>\n\t\t\t\t\t<\/a>\n\t\t\t\t<\/div>\n\t\t\t\t\t\t\t\t<\/div>\n\t\t\t\t<\/div>\n\t\t\t\t\t<\/div>\n\t\t<\/div>\n\t\t\t\t<div class=\"elementor-column elementor-col-50 elementor-top-column elementor-element elementor-element-345b913 elementor-hidden-mobile\" data-id=\"345b913\" data-element_type=\"column\">\n\t\t\t<div class=\"elementor-widget-wrap elementor-element-populated\">\n\t\t\t\t\t\t<div class=\"elementor-element elementor-element-c9709b9 elementor-widget elementor-widget-image\" data-id=\"c9709b9\" data-element_type=\"widget\" data-widget_type=\"image.default\">\n\t\t\t\t<div class=\"elementor-widget-container\">\n\t\t\t\t\t\t\t\t\t\t\t\t\t\t\t<img fetchpriority=\"high\" decoding=\"async\" width=\"365\" height=\"301\" src=\"https:\/\/ethanpersianas.com.br\/wp-content\/uploads\/2024\/01\/65a681b39ff0d-removebg-preview-e1706033749253.png\" class=\"attachment-large size-large wp-image-347\" alt=\"\" srcset=\"https:\/\/ethanpersianas.com.br\/wp-content\/uploads\/2024\/01\/65a681b39ff0d-removebg-preview-e1706033749253.png 365w, https:\/\/ethanpersianas.com.br\/wp-content\/uploads\/2024\/01\/65a681b39ff0d-removebg-preview-e1706033749253-300x247.png 300w\" sizes=\"(max-width: 365px) 100vw, 365px\" \/>\t\t\t\t\t\t\t\t\t\t\t\t\t\t\t<\/div>\n\t\t\t\t<\/div>\n\t\t\t\t\t<\/div>\n\t\t<\/div>\n\t\t\t\t\t<\/div>\n\t\t<\/section>\n\t\t\t\t<\/div>\n\t\t","protected":false},"excerpt":{"rendered":"<p>Sobre a Ethan Persianas N\u00f3s da Ethan Persianas atuamos h\u00e1 mais de 20 anos no segmento de\u00a0Cortinas\u00a0e\u00a0Persianas, procurando sempre inovar, estar antenado nas atualiza\u00e7\u00f5es do mercado, buscando apresentar sempre produtos desenvolvidos com qualidade, design e tecnologia de ponta. Contamos tamb\u00e9m com uma equipe que trabalha com seriedade e comprometimento para melhor atend\u00ea-los, e poder oferecer &#8230; <a title=\"O Ethan\" class=\"read-more\" href=\"https:\/\/ethanpersianas.com.br\/index.php\/a-ethan\/\" aria-label=\"More on O Ethan\">Ler mais<\/a><\/p>\n","protected":false},"author":1,"featured_media":0,"parent":0,"menu_order":0,"comment_status":"closed","ping_status":"closed","template":"elementor_header_footer","meta":{"footnotes":""},"class_list":["post-37","page","type-page","status-publish"],"_links":{"self":[{"href":"https:\/\/ethanpersianas.com.br\/index.php\/wp-json\/wp\/v2\/pages\/37","targetHints":{"allow":["GET"]}}],"collection":[{"href":"https:\/\/ethanpersianas.com.br\/index.php\/wp-json\/wp\/v2\/pages"}],"about":[{"href":"https:\/\/ethanpersianas.com.br\/index.php\/wp-json\/wp\/v2\/types\/page"}],"author":[{"embeddable":true,"href":"https:\/\/ethanpersianas.com.br\/index.php\/wp-json\/wp\/v2\/users\/1"}],"replies":[{"embeddable":true,"href":"https:\/\/ethanpersianas.com.br\/index.php\/wp-json\/wp\/v2\/comments?post=37"}],"version-history":[{"count":35,"href":"https:\/\/ethanpersianas.com.br\/index.php\/wp-json\/wp\/v2\/pages\/37\/revisions"}],"predecessor-version":[{"id":543,"href":"https:\/\/ethanpersianas.com.br\/index.php\/wp-json\/wp\/v2\/pages\/37\/revisions\/543"}],"wp:attachment":[{"href":"https:\/\/ethanpersianas.com.br\/index.php\/wp-json\/wp\/v2\/media?parent=37"}],"curies":[{"name":"wp","href":"https:\/\/api.w.org\/{rel}","templated":true}]}}