{"id":41,"date":"2024-01-20T23:17:05","date_gmt":"2024-01-21T02:17:05","guid":{"rendered":"https:\/\/softwareplay.site\/ethan2\/?page_id=41"},"modified":"2024-06-15T10:44:14","modified_gmt":"2024-06-15T13:44:14","slug":"cortinas","status":"publish","type":"page","link":"https:\/\/ethanpersianas.com.br\/index.php\/cortinas\/","title":{"rendered":"Cortinas"},"content":{"rendered":"\t\t<div data-elementor-type=\"wp-page\" data-elementor-id=\"41\" class=\"elementor elementor-41\" data-elementor-post-type=\"page\">\n\t\t\t\t\t\t<section class=\"elementor-section elementor-top-section elementor-element elementor-element-677ad89 elementor-section-boxed elementor-section-height-default elementor-section-height-default\" data-id=\"677ad89\" data-element_type=\"section\" data-settings=\"{&quot;background_background&quot;:&quot;classic&quot;}\">\n\t\t\t\t\t\t\t<div class=\"elementor-background-overlay\"><\/div>\n\t\t\t\t\t\t\t<div class=\"elementor-container elementor-column-gap-default\">\n\t\t\t\t\t<div class=\"elementor-column elementor-col-100 elementor-top-column elementor-element elementor-element-9d6fbf6\" data-id=\"9d6fbf6\" data-element_type=\"column\">\n\t\t\t<div class=\"elementor-widget-wrap elementor-element-populated\">\n\t\t\t\t\t\t<div class=\"elementor-element elementor-element-a1ae84b elementor-widget elementor-widget-heading\" data-id=\"a1ae84b\" data-element_type=\"widget\" data-widget_type=\"heading.default\">\n\t\t\t\t<div class=\"elementor-widget-container\">\n\t\t\t\t\t<h3 class=\"elementor-heading-title elementor-size-default\">Cortinas<\/h3>\t\t\t\t<\/div>\n\t\t\t\t<\/div>\n\t\t\t\t\t<\/div>\n\t\t<\/div>\n\t\t\t\t\t<\/div>\n\t\t<\/section>\n\t\t\t\t<section class=\"elementor-section elementor-top-section elementor-element elementor-element-9fa15ec elementor-section-boxed elementor-section-height-default elementor-section-height-default\" data-id=\"9fa15ec\" data-element_type=\"section\">\n\t\t\t\t\t\t<div class=\"elementor-container elementor-column-gap-default\">\n\t\t\t\t\t<div class=\"elementor-column elementor-col-50 elementor-top-column elementor-element elementor-element-5ed0167\" data-id=\"5ed0167\" data-element_type=\"column\">\n\t\t\t<div class=\"elementor-widget-wrap elementor-element-populated\">\n\t\t\t\t\t\t<section class=\"elementor-section elementor-inner-section elementor-element elementor-element-594f173 elementor-section-boxed elementor-section-height-default elementor-section-height-default\" data-id=\"594f173\" data-element_type=\"section\">\n\t\t\t\t\t\t<div class=\"elementor-container elementor-column-gap-default\">\n\t\t\t\t\t<div class=\"elementor-column elementor-col-100 elementor-inner-column elementor-element elementor-element-67e220c\" data-id=\"67e220c\" data-element_type=\"column\">\n\t\t\t<div class=\"elementor-widget-wrap elementor-element-populated\">\n\t\t\t\t\t\t<div class=\"elementor-element elementor-element-2d5f5e2 elementor-widget elementor-widget-image\" data-id=\"2d5f5e2\" data-element_type=\"widget\" data-widget_type=\"image.default\">\n\t\t\t\t<div class=\"elementor-widget-container\">\n\t\t\t\t\t\t\t\t\t\t\t\t\t\t\t<img fetchpriority=\"high\" decoding=\"async\" width=\"1024\" height=\"577\" src=\"https:\/\/ethanpersianas.com.br\/wp-content\/uploads\/2024\/01\/Blush-Pink-Abstract-Watercolor-Fashion-Or-Beauty-Studio-Facebook-Cover-2-1024x577.jpg\" class=\"attachment-large size-large wp-image-330\" alt=\"\" srcset=\"https:\/\/ethanpersianas.com.br\/wp-content\/uploads\/2024\/01\/Blush-Pink-Abstract-Watercolor-Fashion-Or-Beauty-Studio-Facebook-Cover-2-1024x577.jpg 1024w, https:\/\/ethanpersianas.com.br\/wp-content\/uploads\/2024\/01\/Blush-Pink-Abstract-Watercolor-Fashion-Or-Beauty-Studio-Facebook-Cover-2-300x169.jpg 300w, https:\/\/ethanpersianas.com.br\/wp-content\/uploads\/2024\/01\/Blush-Pink-Abstract-Watercolor-Fashion-Or-Beauty-Studio-Facebook-Cover-2-768x433.jpg 768w, https:\/\/ethanpersianas.com.br\/wp-content\/uploads\/2024\/01\/Blush-Pink-Abstract-Watercolor-Fashion-Or-Beauty-Studio-Facebook-Cover-2-1536x865.jpg 1536w, https:\/\/ethanpersianas.com.br\/wp-content\/uploads\/2024\/01\/Blush-Pink-Abstract-Watercolor-Fashion-Or-Beauty-Studio-Facebook-Cover-2.jpg 1640w\" sizes=\"(max-width: 1024px) 100vw, 1024px\" \/>\t\t\t\t\t\t\t\t\t\t\t\t\t\t\t<\/div>\n\t\t\t\t<\/div>\n\t\t\t\t\t<\/div>\n\t\t<\/div>\n\t\t\t\t\t<\/div>\n\t\t<\/section>\n\t\t\t\t<section class=\"elementor-section elementor-inner-section elementor-element elementor-element-4ef9c80 elementor-hidden-mobile elementor-section-boxed elementor-section-height-default elementor-section-height-default\" data-id=\"4ef9c80\" data-element_type=\"section\">\n\t\t\t\t\t\t<div class=\"elementor-container elementor-column-gap-default\">\n\t\t\t\t\t<div class=\"elementor-column elementor-col-33 elementor-inner-column elementor-element elementor-element-75d6002\" data-id=\"75d6002\" data-element_type=\"column\">\n\t\t\t<div class=\"elementor-widget-wrap elementor-element-populated\">\n\t\t\t\t\t\t<div class=\"elementor-element elementor-element-0cfbca6 elementor-widget elementor-widget-image\" data-id=\"0cfbca6\" data-element_type=\"widget\" data-widget_type=\"image.default\">\n\t\t\t\t<div class=\"elementor-widget-container\">\n\t\t\t\t\t\t\t\t\t\t\t\t\t\t\t<img decoding=\"async\" width=\"240\" height=\"160\" src=\"https:\/\/ethanpersianas.com.br\/wp-content\/uploads\/2024\/01\/thumbs_WhatsApp-Image-2019-10-04-at-3.18.24-PM2.jpeg\" class=\"attachment-large size-large wp-image-333\" alt=\"\" \/>\t\t\t\t\t\t\t\t\t\t\t\t\t\t\t<\/div>\n\t\t\t\t<\/div>\n\t\t\t\t\t<\/div>\n\t\t<\/div>\n\t\t\t\t<div class=\"elementor-column elementor-col-33 elementor-inner-column elementor-element elementor-element-6413023\" data-id=\"6413023\" data-element_type=\"column\">\n\t\t\t<div class=\"elementor-widget-wrap elementor-element-populated\">\n\t\t\t\t\t\t<div class=\"elementor-element elementor-element-d42ef97 elementor-widget elementor-widget-image\" data-id=\"d42ef97\" data-element_type=\"widget\" data-widget_type=\"image.default\">\n\t\t\t\t<div class=\"elementor-widget-container\">\n\t\t\t\t\t\t\t\t\t\t\t\t\t\t\t<img decoding=\"async\" width=\"240\" height=\"160\" src=\"https:\/\/ethanpersianas.com.br\/wp-content\/uploads\/2024\/01\/thumbs_WhatsApp-Image-2019-10-04-at-3.18.24-PM-1.jpeg\" class=\"attachment-large size-large wp-image-332\" alt=\"\" \/>\t\t\t\t\t\t\t\t\t\t\t\t\t\t\t<\/div>\n\t\t\t\t<\/div>\n\t\t\t\t\t<\/div>\n\t\t<\/div>\n\t\t\t\t<div class=\"elementor-column elementor-col-33 elementor-inner-column elementor-element elementor-element-402497e\" data-id=\"402497e\" data-element_type=\"column\">\n\t\t\t<div class=\"elementor-widget-wrap elementor-element-populated\">\n\t\t\t\t\t\t<div class=\"elementor-element elementor-element-dc66e49 elementor-widget elementor-widget-image\" data-id=\"dc66e49\" data-element_type=\"widget\" data-widget_type=\"image.default\">\n\t\t\t\t<div class=\"elementor-widget-container\">\n\t\t\t\t\t\t\t\t\t\t\t\t\t\t\t<img loading=\"lazy\" decoding=\"async\" width=\"240\" height=\"160\" src=\"https:\/\/ethanpersianas.com.br\/wp-content\/uploads\/2024\/01\/thumbs_WhatsApp-Image-2019-10-04-at-3.18.24-PM1.jpeg\" class=\"attachment-large size-large wp-image-331\" alt=\"\" \/>\t\t\t\t\t\t\t\t\t\t\t\t\t\t\t<\/div>\n\t\t\t\t<\/div>\n\t\t\t\t\t<\/div>\n\t\t<\/div>\n\t\t\t\t\t<\/div>\n\t\t<\/section>\n\t\t\t\t\t<\/div>\n\t\t<\/div>\n\t\t\t\t<div class=\"elementor-column elementor-col-50 elementor-top-column elementor-element elementor-element-f1970cd\" data-id=\"f1970cd\" data-element_type=\"column\" data-settings=\"{&quot;background_background&quot;:&quot;classic&quot;}\">\n\t\t\t<div class=\"elementor-widget-wrap elementor-element-populated\">\n\t\t\t\t\t\t<div class=\"elementor-element elementor-element-8a0e0d4 elementor-widget elementor-widget-heading\" data-id=\"8a0e0d4\" data-element_type=\"widget\" data-widget_type=\"heading.default\">\n\t\t\t\t<div class=\"elementor-widget-container\">\n\t\t\t\t\t<h3 class=\"elementor-heading-title elementor-size-default\">Equil\u00edbrio Est\u00e9tico e Praticidade: Escolhendo entre Cortinas e Persianas para o Seu Ambiente<\/h3>\t\t\t\t<\/div>\n\t\t\t\t<\/div>\n\t\t\t\t<div class=\"elementor-element elementor-element-e5eda13 elementor-widget elementor-widget-text-editor\" data-id=\"e5eda13\" data-element_type=\"widget\" data-widget_type=\"text-editor.default\">\n\t\t\t\t<div class=\"elementor-widget-container\">\n\t\t\t\t\t\t\t\t\tTanto cortinas quanto persianas desempenham pap\u00e9is essenciais na decora\u00e7\u00e3o, proporcionando controle sobre a entrada de luz e ventila\u00e7\u00e3o. As cortinas, com sua variedade de tecidos, conseguem se integrar harmoniosamente a diversos ambientes, especialmente aqueles mais acolhedores e rom\u00e2nticos. No entanto, \u00e9 importante notar que, para indiv\u00edduos que buscam praticidade e desejam evitar preocupa\u00e7\u00f5es com espa\u00e7o, limpeza e manuten\u00e7\u00e3o, as cortinas podem n\u00e3o ser a escolha mais conveniente.\t\t\t\t\t\t\t\t<\/div>\n\t\t\t\t<\/div>\n\t\t\t\t<div class=\"elementor-element elementor-element-96abeff elementor-align-left elementor-widget__width-initial elementor-widget elementor-widget-button\" data-id=\"96abeff\" data-element_type=\"widget\" data-widget_type=\"button.default\">\n\t\t\t\t<div class=\"elementor-widget-container\">\n\t\t\t\t\t\t\t\t\t<div class=\"elementor-button-wrapper\">\n\t\t\t\t\t<a class=\"elementor-button elementor-button-link elementor-size-sm\" href=\"https:\/\/ethanpersianas.com.br\/index.php\/contato\/\">\n\t\t\t\t\t\t<span class=\"elementor-button-content-wrapper\">\n\t\t\t\t\t\t\t\t\t<span class=\"elementor-button-text\">Venha fazer seu or\u00e7amento da Persiana Double Vision<\/span>\n\t\t\t\t\t<\/span>\n\t\t\t\t\t<\/a>\n\t\t\t\t<\/div>\n\t\t\t\t\t\t\t\t<\/div>\n\t\t\t\t<\/div>\n\t\t\t\t\t<\/div>\n\t\t<\/div>\n\t\t\t\t\t<\/div>\n\t\t<\/section>\n\t\t\t\t<section class=\"elementor-section elementor-top-section elementor-element elementor-element-20bc683 elementor-section-content-middle elementor-section-boxed elementor-section-height-default elementor-section-height-default\" data-id=\"20bc683\" data-element_type=\"section\">\n\t\t\t\t\t\t<div class=\"elementor-container elementor-column-gap-default\">\n\t\t\t\t\t<div class=\"elementor-column elementor-col-100 elementor-top-column elementor-element elementor-element-4e4fafe\" data-id=\"4e4fafe\" data-element_type=\"column\" data-settings=\"{&quot;background_background&quot;:&quot;classic&quot;}\">\n\t\t\t<div class=\"elementor-widget-wrap elementor-element-populated\">\n\t\t\t\t\t\t<div class=\"elementor-element elementor-element-812b03d elementor-widget elementor-widget-heading\" data-id=\"812b03d\" data-element_type=\"widget\" data-widget_type=\"heading.default\">\n\t\t\t\t<div class=\"elementor-widget-container\">\n\t\t\t\t\t<h2 class=\"elementor-heading-title elementor-size-default\">N\u00e3o Encontrou o Que Procurava? Solicite um Or\u00e7amento Personalizado!<\/h2>\t\t\t\t<\/div>\n\t\t\t\t<\/div>\n\t\t\t\t<div class=\"elementor-element elementor-element-f8ada26 elementor-widget elementor-widget-text-editor\" data-id=\"f8ada26\" data-element_type=\"widget\" data-widget_type=\"text-editor.default\">\n\t\t\t\t<div class=\"elementor-widget-container\">\n\t\t\t\t\t\t\t\t\t Com mais de 20 anos de experi\u00eancia, entendemos que cada cliente \u00e9 \u00fanico. Se n\u00e3o encontrou o produto ideal em nossa sele\u00e7\u00e3o, n\u00e3o se preocupe! Estamos aqui para criar solu\u00e7\u00f5es sob medida que atendam exatamente \u00e0s suas necessidades. Nossa experi\u00eancia \u00e9 a sua garantia de qualidade. Solicite um or\u00e7amento personalizado agora e deixe-nos transformar sua vis\u00e3o em realidade. Seu espa\u00e7o, suas escolhas, nosso compromisso. \t\t\t\t\t\t\t\t<\/div>\n\t\t\t\t<\/div>\n\t\t\t\t<div class=\"elementor-element elementor-element-03f020f elementor-align-center elementor-widget__width-initial elementor-widget elementor-widget-button\" data-id=\"03f020f\" data-element_type=\"widget\" data-widget_type=\"button.default\">\n\t\t\t\t<div class=\"elementor-widget-container\">\n\t\t\t\t\t\t\t\t\t<div class=\"elementor-button-wrapper\">\n\t\t\t\t\t<a class=\"elementor-button elementor-button-link elementor-size-sm\" href=\"https:\/\/api.whatsapp.com\/send?phone=5541998114616&#038;text=Ol\u00e1,%20Gostaria%20de%20mais%20informa\u00e7\u00f5es\">\n\t\t\t\t\t\t<span class=\"elementor-button-content-wrapper\">\n\t\t\t\t\t\t\t\t\t<span class=\"elementor-button-text\">Pe\u00e7a Seu Or\u00e7amento Agora!<\/span>\n\t\t\t\t\t<\/span>\n\t\t\t\t\t<\/a>\n\t\t\t\t<\/div>\n\t\t\t\t\t\t\t\t<\/div>\n\t\t\t\t<\/div>\n\t\t\t\t\t<\/div>\n\t\t<\/div>\n\t\t\t\t\t<\/div>\n\t\t<\/section>\n\t\t\t\t<\/div>\n\t\t","protected":false},"excerpt":{"rendered":"<p>Cortinas Equil\u00edbrio Est\u00e9tico e Praticidade: Escolhendo entre Cortinas e Persianas para o Seu Ambiente Tanto cortinas quanto persianas desempenham pap\u00e9is essenciais na decora\u00e7\u00e3o, proporcionando controle sobre a entrada de luz e ventila\u00e7\u00e3o. As cortinas, com sua variedade de tecidos, conseguem se integrar harmoniosamente a diversos ambientes, especialmente aqueles mais acolhedores e rom\u00e2nticos. No entanto, \u00e9 &#8230; <a title=\"Cortinas\" class=\"read-more\" href=\"https:\/\/ethanpersianas.com.br\/index.php\/cortinas\/\" aria-label=\"More on Cortinas\">Ler mais<\/a><\/p>\n","protected":false},"author":1,"featured_media":0,"parent":0,"menu_order":0,"comment_status":"closed","ping_status":"closed","template":"elementor_header_footer","meta":{"footnotes":""},"class_list":["post-41","page","type-page","status-publish"],"_links":{"self":[{"href":"https:\/\/ethanpersianas.com.br\/index.php\/wp-json\/wp\/v2\/pages\/41","targetHints":{"allow":["GET"]}}],"collection":[{"href":"https:\/\/ethanpersianas.com.br\/index.php\/wp-json\/wp\/v2\/pages"}],"about":[{"href":"https:\/\/ethanpersianas.com.br\/index.php\/wp-json\/wp\/v2\/types\/page"}],"author":[{"embeddable":true,"href":"https:\/\/ethanpersianas.com.br\/index.php\/wp-json\/wp\/v2\/users\/1"}],"replies":[{"embeddable":true,"href":"https:\/\/ethanpersianas.com.br\/index.php\/wp-json\/wp\/v2\/comments?post=41"}],"version-history":[{"count":13,"href":"https:\/\/ethanpersianas.com.br\/index.php\/wp-json\/wp\/v2\/pages\/41\/revisions"}],"predecessor-version":[{"id":492,"href":"https:\/\/ethanpersianas.com.br\/index.php\/wp-json\/wp\/v2\/pages\/41\/revisions\/492"}],"wp:attachment":[{"href":"https:\/\/ethanpersianas.com.br\/index.php\/wp-json\/wp\/v2\/media?parent=41"}],"curies":[{"name":"wp","href":"https:\/\/api.w.org\/{rel}","templated":true}]}}